{"id":58,"date":"2025-05-30T01:36:22","date_gmt":"2025-05-30T01:36:22","guid":{"rendered":"https:\/\/ganandounalana.com\/?page_id=58"},"modified":"2026-04-24T02:00:53","modified_gmt":"2026-04-24T02:00:53","slug":"sorteo","status":"publish","type":"page","link":"https:\/\/ganandounalana.com\/index.php\/sorteo\/","title":{"rendered":"Sorteo"},"content":{"rendered":"<p>[et_pb_section fb_built=\u00bb1&#8243; _builder_version=\u00bb4.27.4&#8243; _module_preset=\u00bbdefault\u00bb custom_padding=\u00bb20px|0px|0px|||\u00bb global_colors_info=\u00bb{}\u00bb][et_pb_row _builder_version=\u00bb4.27.4&#8243; _module_preset=\u00bbdefault\u00bb custom_padding=\u00bb||3px|||\u00bb global_colors_info=\u00bb{}\u00bb][et_pb_column type=\u00bb4_4&#8243; _builder_version=\u00bb4.27.4&#8243; _module_preset=\u00bbdefault\u00bb global_colors_info=\u00bb{}\u00bb][et_pb_heading title=\u00bb!GANA $PREMIO DEMO MXN!\u00bb _builder_version=\u00bb4.27.4&#8243; _module_preset=\u00bbdefault\u00bb title_font=\u00bbArial||||||||\u00bb title_text_align=\u00bbcenter\u00bb title_text_color=\u00bb#0C71C3&#8243; title_font_size=\u00bb44px\u00bb custom_margin=\u00bb||3px|||\u00bb hover_enabled=\u00bb0&#8243; title_font_size_tablet=\u00bb44px\u00bb title_font_size_phone=\u00bb49px\u00bb title_font_size_last_edited=\u00bbon|phone\u00bb global_colors_info=\u00bb{}\u00bb sticky_enabled=\u00bb0&#8243;][\/et_pb_heading][\/et_pb_column][\/et_pb_row][et_pb_row _builder_version=\u00bb4.27.4&#8243; _module_preset=\u00bbdefault\u00bb custom_padding=\u00bb8px||0px|||\u00bb global_colors_info=\u00bb{}\u00bb][et_pb_column type=\u00bb4_4&#8243; _builder_version=\u00bb4.27.4&#8243; _module_preset=\u00bbdefault\u00bb global_colors_info=\u00bb{}\u00bb][et_pb_countdown_timer title=\u00bb  \ud83d\udcb5 Ganador por sorteo Sorteo Mayor de la Loteria Nacional  \ud83e\udd48 \u00bb date_time=\u00bb2025-08-05 19:25&#8243; _builder_version=\u00bb4.27.4&#8243; _module_preset=\u00bbdefault\u00bb header_text_align=\u00bbcenter\u00bb header_text_color=\u00bb#0c71c3&#8243; numbers_font=\u00bb|700|||||||\u00bb numbers_text_color=\u00bb#0c71c3&#8243; background_enable_color=\u00bboff\u00bb custom_padding=\u00bb4px||3px|||\u00bb header_text_align_tablet=\u00bbcenter\u00bb header_text_align_phone=\u00bbcenter\u00bb header_text_align_last_edited=\u00bbon|phone\u00bb numbers_font_size_tablet=\u00bb\u00bb numbers_font_size_phone=\u00bb23px\u00bb numbers_font_size_last_edited=\u00bbon|phone\u00bb global_colors_info=\u00bb{}\u00bb][\/et_pb_countdown_timer][\/et_pb_column][\/et_pb_row][\/et_pb_section][et_pb_section fb_built=\u00bb1&#8243; _builder_version=\u00bb4.27.4&#8243; _module_preset=\u00bbdefault\u00bb custom_padding=\u00bb5px|||||\u00bb global_colors_info=\u00bb{}\u00bb][et_pb_row use_custom_gutter=\u00bbon\u00bb make_equal=\u00bbon\u00bb _builder_version=\u00bb4.27.4&#8243; _module_preset=\u00bbdefault\u00bb width_tablet=\u00bb\u00bb width_phone=\u00bb100%\u00bb width_last_edited=\u00bbon|phone\u00bb max_width_tablet=\u00bb\u00bb max_width_phone=\u00bb100%\u00bb max_width_last_edited=\u00bbon|phone\u00bb custom_padding=\u00bb3px|||||\u00bb global_colors_info=\u00bb{}\u00bb][et_pb_column type=\u00bb4_4&#8243; _builder_version=\u00bb4.27.4&#8243; _module_preset=\u00bbdefault\u00bb global_colors_info=\u00bb{}\u00bb][et_pb_text _builder_version=\u00bb4.27.4&#8243; _module_preset=\u00bbdefault\u00bb global_colors_info=\u00bb{}\u00bb]<\/p>\n\n<div class=\"omega-raffle-container\" data-raffle-id=\"9\">\n    <!-- Campos ocultos para JavaScript -->\n    <input type=\"hidden\" id=\"ticket_price\" value=\"10.00\">\n    <input type=\"hidden\" id=\"raffle_title\" value=\"Demo\">\n    <input type=\"hidden\" id=\"whatsapp_number\" value=\"525581244035\">\n\n    <div class=\"raffle-header\">\n                <h2>Demo<\/h2>\n        <div class=\"raffle-description\">Aca puedes rifar lo que quieras<\/div>\n\n        <div class=\"raffle-details\">\n            <div class=\"price\">\n                <span class=\"label\">Precio por boleto:<\/span>\n                <span class=\"value\">$10.00<\/span>\n            <\/div>\n            <div class=\"draw-date\">\n                <span class=\"label\">Fecha del sorteo:<\/span>\n                <span class=\"value\">23\/12\/2026<\/span>\n            <\/div>\n        <\/div>\n    <\/div>\n\n    <div class=\"ticket-stats\">\n        <div class=\"stat-item\">\n            <span class=\"label\">\ud83c\udfab Boletos Disponibles:<\/span>\n            <span class=\"value available\">99,999<\/span>\n        <\/div>\n        <div class=\"stat-item\">\n            <span class=\"label\">\u23f3 Boletos Reservados:<\/span>\n            <span class=\"value reserved\">0<\/span>\n        <\/div>\n        <div class=\"stat-item\">\n            <span class=\"label\">\u2705 Boletos Vendidos:<\/span>\n            <span class=\"value sold\">0<\/span>\n        <\/div>\n    <\/div>\n\n    <div class=\"ticket-controls\">\n        <div class=\"pagination-controls\">\n            <button type=\"button\" class=\"pagination-btn prev\" disabled>&laquo; Anterior<\/button>\n            <div class=\"pagination-numbers\">\n                <span class=\"current-page\">1<\/span> \/ <span class=\"total-pages\">1<\/span>\n            <\/div>\n            <button type=\"button\" class=\"pagination-btn next\">Siguiente &raquo;<\/button>\n        <\/div>\n        <div class=\"selection-counter\">0 de 1 boleto seleccionado<\/div>\n\n        <!-- Buscador de n\u00famero de boleto -->\n        <div class=\"ticket-search-wrapper\">\n            <input type=\"text\" id=\"ticket-number-search\" class=\"form-control\" placeholder=\"Buscar n\u00famero de boleto...\">\n            <div id=\"ticket-search-result\" class=\"ticket-search-result-card\"><\/div>\n        <\/div>\n\n        <!-- M\u00e1quina de la Suerte -->\n        <div class=\"lucky-machine-section\">\n            <h3>M\u00e1quina de la Suerte (Selecci\u00f3n R\u00e1pida)<\/h3>\n            <div class=\"lucky-qty-buttons\">\n                <button type=\"button\" class=\"lucky-qty-btn\" data-qty=\"1\">1<\/button>\n                <button type=\"button\" class=\"lucky-qty-btn\" data-qty=\"2\">2<\/button>\n                <button type=\"button\" class=\"lucky-qty-btn\" data-qty=\"3\">3<\/button>\n                <button type=\"button\" class=\"lucky-qty-btn\" data-qty=\"4\">4<\/button>\n                <button type=\"button\" class=\"lucky-qty-btn\" data-qty=\"5\">5<\/button>\n                <button type=\"button\" class=\"lucky-qty-btn\" data-qty=\"10\">10<\/button>\n                <button type=\"button\" class=\"lucky-qty-btn\" data-qty=\"20\">20<\/button>\n                <button type=\"button\" class=\"lucky-qty-btn\" data-qty=\"50\">50<\/button>\n                <button type=\"button\" class=\"lucky-qty-btn\" data-qty=\"100\">100<\/button>\n                <button type=\"button\" class=\"lucky-qty-btn\" data-qty=\"200\">200<\/button>\n            <\/div>\n        <\/div>\n    <\/div>\n\n    <!-- Contenedor de la cuadr\u00edcula de boletos -->\n    <div class=\"ticket-grid-container\">\n            <div class=\"omega-raffle-tickets\"><\/div>\n        <div class=\"loading-spinner\" style=\"display: none;\">\n            <div class=\"spinner\"><\/div>\n        <\/div>\n    <\/div>\n\n    <!-- Secci\u00f3n de boletos seleccionados -->\n    <div class=\"selected-tickets-section\">\n        <h3>Boletos Seleccionados<\/h3>\n        <div class=\"selected-tickets-list\"><\/div>\n        <div class=\"selected-tickets-summary\">\n            <p>Total de boletos: <span id=\"selected-tickets-count\">0<\/span><\/p>\n            <p>Total a pagar: <span id=\"selected-tickets-total\">$0.00<\/span><\/p>\n        <\/div>\n        <div class=\"selected-tickets-actions\">\n            <button type=\"button\" class=\"btn btn-danger clear-selection-button\">Limpiar selecci\u00f3n<\/button>\n        <\/div>\n        <button type=\"button\" class=\"btn btn-primary reserve-button\" disabled>Selecciona boletos para reservar<\/button>\n    <\/div>\n\n    <!-- Formulario de reserva -->\n    <form id=\"reserve-form\" class=\"reservation-form\">\n        <div class=\"form-header\">\n            <h3>Informaci\u00f3n de Contacto<\/h3>\n            <p class=\"form-subtitle\">Por favor, completa tus datos para reservar los boletos seleccionados<\/p>\n        <\/div>\n\n        <div class=\"form-body\">\n            <div class=\"form-row\">\n                <div class=\"form-group\">\n                    <label for=\"customer_name\">Nombre Completo *<\/label>\n                    <input type=\"text\" id=\"customer_name\" name=\"customer_name\" required \n                           placeholder=\"Ej: Juan P\u00e9rez\" class=\"form-control\">\n                    <small class=\"form-text\">Ingresa tu nombre completo como aparece en tu identificaci\u00f3n<\/small>\n                <\/div>\n            <\/div>\n\n            <div class=\"form-row\">\n                <div class=\"form-group\">\n                    <label for=\"customer_phone\">WhatsApp *<\/label>\n                    <input type=\"tel\" id=\"customer_phone\" name=\"customer_phone\" required \n                           placeholder=\"Ej: 5512345678\" class=\"form-control\"\n                           pattern=\"[0-9]{10}\" title=\"Ingresa un n\u00famero de 10 d\u00edgitos\">\n                    <small class=\"form-text\">Ingresa tu n\u00famero de WhatsApp con 10 d\u00edgitos<\/small>\n                <\/div>\n            <\/div>\n\n            <div class=\"form-row\">\n                <div class=\"form-group\">\n                    <label for=\"customer_email\">Correo Electr\u00f3nico<\/label>\n                    <input type=\"email\" id=\"customer_email\" name=\"customer_email\" \n                           placeholder=\"Ej: juan@email.com\" class=\"form-control\">\n                    <small class=\"form-text\">Opcional: Para recibir confirmaciones por email<\/small>\n                <\/div>\n            <\/div>\n\n            <div class=\"form-row\">\n                <div class=\"form-group\">\n                    <label for=\"customer_country\">Pa\u00eds<\/label>\n                    <input type=\"text\" id=\"customer_country\" name=\"customer_country\" \n                           placeholder=\"Ej: M\u00e9xico\" class=\"form-control\">\n                <\/div>\n                <div class=\"form-group\">\n                    <label for=\"customer_city\">Ciudad<\/label>\n                    <input type=\"text\" id=\"customer_city\" name=\"customer_city\" \n                           placeholder=\"Ej: Ciudad de M\u00e9xico\" class=\"form-control\">\n                <\/div>\n            <\/div>\n\n            <div class=\"form-row\">\n                <div class=\"form-group payment-methods-group\">\n                    <label>M\u00e9todo de Pago *<\/label>\n                    <div class=\"payment-methods\">\n                                                        <label class=\"payment-method\">\n                                    <input type=\"radio\" name=\"payment_method\" value=\"transfer\" required>\n                                    <span class=\"payment-method-icon\">\n                                                                                    <i class=\"fas fa-university\"><\/i>\n                                                                            <\/span>\n                                    <span class=\"payment-method-text\">Transferencia Bancaria<\/span>\n                                <\/label>\n                                                <\/div>\n                <\/div>\n            <\/div>\n\n            <div class=\"form-row\">\n                <div class=\"selected-tickets-summary\">\n                    <h4>Resumen de tu Selecci\u00f3n<\/h4>\n                    <div class=\"ticket-summary-grid\">\n                        <div class=\"summary-item\">\n                            <span class=\"label\">Boletos Seleccionados:<\/span>\n                            <span class=\"value\" id=\"form-tickets-count\">0<\/span>\n                        <\/div>\n                        <div class=\"summary-item\">\n                            <span class=\"label\">Precio por Boleto:<\/span>\n                            <span class=\"value\">$10.00<\/span>\n                        <\/div>\n                        <div class=\"summary-item total\">\n                            <span class=\"label\">Total a Pagar:<\/span>\n                            <span class=\"value\" id=\"form-total-amount\">$0.00<\/span>\n                        <\/div>\n                    <\/div>\n                    <div class=\"selected-numbers-list\" id=\"form-selected-numbers\"><\/div>\n                <\/div>\n            <\/div>\n        <\/div>\n\n        <div class=\"form-footer\">\n            <button type=\"button\" class=\"btn btn-secondary\" id=\"back-to-selection\">Volver a Selecci\u00f3n<\/button>\n            <button type=\"submit\" class=\"btn btn-primary\" id=\"submit-reservation\">Confirmar y Enviar Reserva<\/button>\n        <\/div>\n    <\/form>\n\n<\/div>\n<p>[\/et_pb_text][\/et_pb_column][\/et_pb_row][\/et_pb_section]<\/p>\n","protected":false},"excerpt":{"rendered":"\n<div class=\"omega-raffle-container\" data-raffle-id=\"9\">\n    <!-- Campos ocultos para JavaScript -->\n    <input type=\"hidden\" id=\"ticket_price\" value=\"10.00\">\n    <input type=\"hidden\" id=\"raffle_title\" value=\"Demo\">\n    <input type=\"hidden\" id=\"whatsapp_number\" value=\"525581244035\">\n\n    <div class=\"raffle-header\">\n                <h2>Demo<\/h2>\n        <div class=\"raffle-description\">Aca puedes rifar lo que quieras<\/div>\n\n        <div class=\"raffle-details\">\n            <div class=\"price\">\n                <span class=\"label\">Precio por boleto:<\/span>\n                <span class=\"value\">$10.00<\/span>\n            <\/div>\n            <div class=\"draw-date\">\n                <span class=\"label\">Fecha del sorteo:<\/span>\n                <span class=\"value\">23\/12\/2026<\/span>\n            <\/div>\n        <\/div>\n    <\/div>\n\n    <div class=\"ticket-stats\">\n        <div class=\"stat-item\">\n            <span class=\"label\">\ud83c\udfab Boletos Disponibles:<\/span>\n            <span class=\"value available\">99,999<\/span>\n        <\/div>\n        <div class=\"stat-item\">\n            <span class=\"label\">\u23f3 Boletos Reservados:<\/span>\n            <span class=\"value reserved\">0<\/span>\n        <\/div>\n        <div class=\"stat-item\">\n            <span class=\"label\">\u2705 Boletos Vendidos:<\/span>\n            <span class=\"value sold\">0<\/span>\n        <\/div>\n    <\/div>\n\n    <div class=\"ticket-controls\">\n        <div class=\"pagination-controls\">\n            <button type=\"button\" class=\"pagination-btn prev\" disabled>&laquo; Anterior<\/button>\n            <div class=\"pagination-numbers\">\n                <span class=\"current-page\">1<\/span> \/ <span class=\"total-pages\">1<\/span>\n            <\/div>\n            <button type=\"button\" class=\"pagination-btn next\">Siguiente &raquo;<\/button>\n        <\/div>\n        <div class=\"selection-counter\">0 de 1 boleto seleccionado<\/div>\n\n        <!-- Buscador de n\u00famero de boleto -->\n        <div class=\"ticket-search-wrapper\">\n            <input type=\"text\" id=\"ticket-number-search\" class=\"form-control\" placeholder=\"Buscar n\u00famero de boleto...\">\n            <div id=\"ticket-search-result\" class=\"ticket-search-result-card\"><\/div>\n        <\/div>\n\n        <!-- M\u00e1quina de la Suerte -->\n        <div class=\"lucky-machine-section\">\n            <h3>M\u00e1quina de la Suerte (Selecci\u00f3n R\u00e1pida)<\/h3>\n            <div class=\"lucky-qty-buttons\">\n                <button type=\"button\" class=\"lucky-qty-btn\" data-qty=\"1\">1<\/button>\n                <button type=\"button\" class=\"lucky-qty-btn\" data-qty=\"2\">2<\/button>\n                <button type=\"button\" class=\"lucky-qty-btn\" data-qty=\"3\">3<\/button>\n                <button type=\"button\" class=\"lucky-qty-btn\" data-qty=\"4\">4<\/button>\n                <button type=\"button\" class=\"lucky-qty-btn\" data-qty=\"5\">5<\/button>\n                <button type=\"button\" class=\"lucky-qty-btn\" data-qty=\"10\">10<\/button>\n                <button type=\"button\" class=\"lucky-qty-btn\" data-qty=\"20\">20<\/button>\n                <button type=\"button\" class=\"lucky-qty-btn\" data-qty=\"50\">50<\/button>\n                <button type=\"button\" class=\"lucky-qty-btn\" data-qty=\"100\">100<\/button>\n                <button type=\"button\" class=\"lucky-qty-btn\" data-qty=\"200\">200<\/button>\n            <\/div>\n        <\/div>\n    <\/div>\n\n    <!-- Contenedor de la cuadr\u00edcula de boletos -->\n    <div class=\"ticket-grid-container\">\n            <div class=\"omega-raffle-tickets\"><\/div>\n        <div class=\"loading-spinner\" style=\"display: none;\">\n            <div class=\"spinner\"><\/div>\n        <\/div>\n    <\/div>\n\n    <!-- Secci\u00f3n de boletos seleccionados -->\n    <div class=\"selected-tickets-section\">\n        <h3>Boletos Seleccionados<\/h3>\n        <div class=\"selected-tickets-list\"><\/div>\n        <div class=\"selected-tickets-summary\">\n            <p>Total de boletos: <span id=\"selected-tickets-count\">0<\/span><\/p>\n            <p>Total a pagar: <span id=\"selected-tickets-total\">$0.00<\/span><\/p>\n        <\/div>\n        <div class=\"selected-tickets-actions\">\n            <button type=\"button\" class=\"btn btn-danger clear-selection-button\">Limpiar selecci\u00f3n<\/button>\n        <\/div>\n        <button type=\"button\" class=\"btn btn-primary reserve-button\" disabled>Selecciona boletos para reservar<\/button>\n    <\/div>\n\n    <!-- Formulario de reserva -->\n    <form id=\"reserve-form\" class=\"reservation-form\">\n        <div class=\"form-header\">\n            <h3>Informaci\u00f3n de Contacto<\/h3>\n            <p class=\"form-subtitle\">Por favor, completa tus datos para reservar los boletos seleccionados<\/p>\n        <\/div>\n\n        <div class=\"form-body\">\n            <div class=\"form-row\">\n                <div class=\"form-group\">\n                    <label for=\"customer_name\">Nombre Completo *<\/label>\n                    <input type=\"text\" id=\"customer_name\" name=\"customer_name\" required \n                           placeholder=\"Ej: Juan P\u00e9rez\" class=\"form-control\">\n                    <small class=\"form-text\">Ingresa tu nombre completo como aparece en tu identificaci\u00f3n<\/small>\n                <\/div>\n            <\/div>\n\n            <div class=\"form-row\">\n                <div class=\"form-group\">\n                    <label for=\"customer_phone\">WhatsApp *<\/label>\n                    <input type=\"tel\" id=\"customer_phone\" name=\"customer_phone\" required \n                           placeholder=\"Ej: 5512345678\" class=\"form-control\"\n                           pattern=\"[0-9]{10}\" title=\"Ingresa un n\u00famero de 10 d\u00edgitos\">\n                    <small class=\"form-text\">Ingresa tu n\u00famero de WhatsApp con 10 d\u00edgitos<\/small>\n                <\/div>\n            <\/div>\n\n            <div class=\"form-row\">\n                <div class=\"form-group\">\n                    <label for=\"customer_email\">Correo Electr\u00f3nico<\/label>\n                    <input type=\"email\" id=\"customer_email\" name=\"customer_email\" \n                           placeholder=\"Ej: juan@email.com\" class=\"form-control\">\n                    <small class=\"form-text\">Opcional: Para recibir confirmaciones por email<\/small>\n                <\/div>\n            <\/div>\n\n            <div class=\"form-row\">\n                <div class=\"form-group\">\n                    <label for=\"customer_country\">Pa\u00eds<\/label>\n                    <input type=\"text\" id=\"customer_country\" name=\"customer_country\" \n                           placeholder=\"Ej: M\u00e9xico\" class=\"form-control\">\n                <\/div>\n                <div class=\"form-group\">\n                    <label for=\"customer_city\">Ciudad<\/label>\n                    <input type=\"text\" id=\"customer_city\" name=\"customer_city\" \n                           placeholder=\"Ej: Ciudad de M\u00e9xico\" class=\"form-control\">\n                <\/div>\n            <\/div>\n\n            <div class=\"form-row\">\n                <div class=\"form-group payment-methods-group\">\n                    <label>M\u00e9todo de Pago *<\/label>\n                    <div class=\"payment-methods\">\n                                                        <label class=\"payment-method\">\n                                    <input type=\"radio\" name=\"payment_method\" value=\"transfer\" required>\n                                    <span class=\"payment-method-icon\">\n                                                                                    <i class=\"fas fa-university\"><\/i>\n                                                                            <\/span>\n                                    <span class=\"payment-method-text\">Transferencia Bancaria<\/span>\n                                <\/label>\n                                                <\/div>\n                <\/div>\n            <\/div>\n\n            <div class=\"form-row\">\n                <div class=\"selected-tickets-summary\">\n                    <h4>Resumen de tu Selecci\u00f3n<\/h4>\n                    <div class=\"ticket-summary-grid\">\n                        <div class=\"summary-item\">\n                            <span class=\"label\">Boletos Seleccionados:<\/span>\n                            <span class=\"value\" id=\"form-tickets-count\">0<\/span>\n                        <\/div>\n                        <div class=\"summary-item\">\n                            <span class=\"label\">Precio por Boleto:<\/span>\n                            <span class=\"value\">$10.00<\/span>\n                        <\/div>\n                        <div class=\"summary-item total\">\n                            <span class=\"label\">Total a Pagar:<\/span>\n                            <span class=\"value\" id=\"form-total-amount\">$0.00<\/span>\n                        <\/div>\n                    <\/div>\n                    <div class=\"selected-numbers-list\" id=\"form-selected-numbers\"><\/div>\n                <\/div>\n            <\/div>\n        <\/div>\n\n        <div class=\"form-footer\">\n            <button type=\"button\" class=\"btn btn-secondary\" id=\"back-to-selection\">Volver a Selecci\u00f3n<\/button>\n            <button type=\"submit\" class=\"btn btn-primary\" id=\"submit-reservation\">Confirmar y Enviar Reserva<\/button>\n        <\/div>\n    <\/form>\n\n<\/div>\n","protected":false},"author":1,"featured_media":0,"parent":0,"menu_order":0,"comment_status":"closed","ping_status":"closed","template":"","meta":{"_et_pb_use_builder":"on","_et_pb_old_content":"","_et_gb_content_width":"","footnotes":""},"class_list":["post-58","page","type-page","status-publish","hentry"],"_links":{"self":[{"href":"https:\/\/ganandounalana.com\/index.php\/wp-json\/wp\/v2\/pages\/58","targetHints":{"allow":["GET"]}}],"collection":[{"href":"https:\/\/ganandounalana.com\/index.php\/wp-json\/wp\/v2\/pages"}],"about":[{"href":"https:\/\/ganandounalana.com\/index.php\/wp-json\/wp\/v2\/types\/page"}],"author":[{"embeddable":true,"href":"https:\/\/ganandounalana.com\/index.php\/wp-json\/wp\/v2\/users\/1"}],"replies":[{"embeddable":true,"href":"https:\/\/ganandounalana.com\/index.php\/wp-json\/wp\/v2\/comments?post=58"}],"version-history":[{"count":60,"href":"https:\/\/ganandounalana.com\/index.php\/wp-json\/wp\/v2\/pages\/58\/revisions"}],"predecessor-version":[{"id":550,"href":"https:\/\/ganandounalana.com\/index.php\/wp-json\/wp\/v2\/pages\/58\/revisions\/550"}],"wp:attachment":[{"href":"https:\/\/ganandounalana.com\/index.php\/wp-json\/wp\/v2\/media?parent=58"}],"curies":[{"name":"wp","href":"https:\/\/api.w.org\/{rel}","templated":true}]}}